{"id":322,"date":"2023-12-22T17:13:25","date_gmt":"2023-12-22T17:13:25","guid":{"rendered":"https:\/\/lasvegas4fun.be\/?page_id=322"},"modified":"2026-01-03T09:48:20","modified_gmt":"2026-01-03T09:48:20","slug":"feestdagen","status":"publish","type":"page","link":"https:\/\/lasvegas4fun.be\/fr\/feestdagen\/","title":{"rendered":"Jours f\u00e9ri\u00e9s"},"content":{"rendered":"<p>La veille d'un jour f\u00e9ri\u00e9 et le jour f\u00e9ri\u00e9 ils-m\u00eames, nous sommes \u00e9galement toujours ouverts de 10h00 \u00e0 2h00.<\/p>\n\n\n\n<p>Vous trouverez ci-dessous un aper\u00e7u des jours f\u00e9ri\u00e9s pendant lesquels nous restons ouverts plus longtemps.<\/p>\n\n\n\n<div class=\"wp-block-columns is-layout-flex wp-container-core-columns-is-layout-28f84493 wp-block-columns-is-layout-flex\">\n<div class=\"wp-block-column is-layout-flow wp-block-column-is-layout-flow\" style=\"flex-basis:66.66%\">\n<figure class=\"wp-block-table\"><table><tbody><tr><td>Nouvel An *<\/td><td>01\/01\/2026<\/td><\/tr><tr><td>P\u00e2ques<\/td><td>05\/04\/2026<\/td><\/tr><tr><td>Lundi de P\u00e2ques<\/td><td>06\/04\/2026<\/td><\/tr><tr><td>F\u00eate du Travail<\/td><td>01\/05\/2026<\/td><\/tr><tr><td>Le jour de la lib\u00e9ration 1945<\/td><td>08\/05\/2026<\/td><\/tr><tr><td>Jour de l\u2019Ascension<\/td><td>14\/05\/2026<\/td><\/tr><tr><td>Pentec\u00f4te<\/td><td>24\/05\/2026<\/td><\/tr><tr><td>Lundi de Pentec\u00f4te<\/td><td>25\/05\/2026<\/td><\/tr><tr><td>F\u00eate nationale en France<\/td><td>14\/07\/2026<\/td><\/tr><tr><td>F\u00eate nationale en Belgique<\/td><td>21\/07\/2026<\/td><\/tr><tr><td>Assomption<\/td><td>15\/08\/2026<\/td><\/tr><tr><td>Toussaint<\/td><td>01\/11\/2026<\/td><\/tr><tr><td>Armistice<\/td><td>11\/11\/2026<\/td><\/tr><tr><td>No\u00ebl *<\/td><td>25\/12\/2026<\/td><\/tr><\/tbody><\/table><\/figure>\n<\/div>\n\n\n\n<div class=\"wp-block-column is-layout-flow wp-block-column-is-layout-flow\" style=\"flex-basis:33.33%\"><\/div>\n<\/div>\n\n\n\n<p>* Exceptionnellement, nous fermerons \u00e0 17h la veille de No\u00ebl - 24 d\u00e9cembre 2026 - et rouvrirons \u00e0 14h le jour de No\u00ebl - 25 d\u00e9cembre 2026.<\/p>\n\n\n\n<p>Nous appliquerons le m\u00eame horaire le soir du Nouvel An \u2013 le 31 d\u00e9cembre 2026 \u2013 et le jour de Nouvel An \u2013 le 1er janvier 2026. Autrement dit, nous fermerons \u00e0 17 h le soir du Nouvel An et rouvrirons \u00e0 14 h le jour de Nouvel An.<\/p>\n\n\n\n<div class=\"wp-block-columns is-layout-flex wp-container-core-columns-is-layout-28f84493 wp-block-columns-is-layout-flex\">\n<div class=\"wp-block-column is-layout-flow wp-block-column-is-layout-flow\" style=\"flex-basis:25%\">\n<div class=\"wp-block-buttons is-content-justification-left is-layout-flex wp-container-core-buttons-is-layout-fc4fd283 wp-block-buttons-is-layout-flex\">\n<div class=\"wp-block-button\"><a class=\"wp-block-button__link wp-element-button\" href=\"\/fr\/\">Page d'accueil<\/a><\/div>\n<\/div>\n<\/div>\n\n\n\n<div class=\"wp-block-column is-layout-flow wp-block-column-is-layout-flow\" style=\"flex-basis:50%\"><\/div>\n\n\n\n<div class=\"wp-block-column is-layout-flow wp-block-column-is-layout-flow\" style=\"flex-basis:25%\"><\/div>\n<\/div>","protected":false},"excerpt":{"rendered":"<p> [&hellip;]<\/p>","protected":false},"author":1,"featured_media":0,"parent":0,"menu_order":0,"comment_status":"closed","ping_status":"closed","template":"","meta":{"footnotes":""},"class_list":["post-322","page","type-page","status-publish","hentry"],"jetpack_sharing_enabled":true,"_links":{"self":[{"href":"https:\/\/lasvegas4fun.be\/fr\/wp-json\/wp\/v2\/pages\/322","targetHints":{"allow":["GET"]}}],"collection":[{"href":"https:\/\/lasvegas4fun.be\/fr\/wp-json\/wp\/v2\/pages"}],"about":[{"href":"https:\/\/lasvegas4fun.be\/fr\/wp-json\/wp\/v2\/types\/page"}],"author":[{"embeddable":true,"href":"https:\/\/lasvegas4fun.be\/fr\/wp-json\/wp\/v2\/users\/1"}],"replies":[{"embeddable":true,"href":"https:\/\/lasvegas4fun.be\/fr\/wp-json\/wp\/v2\/comments?post=322"}],"version-history":[{"count":16,"href":"https:\/\/lasvegas4fun.be\/fr\/wp-json\/wp\/v2\/pages\/322\/revisions"}],"predecessor-version":[{"id":471,"href":"https:\/\/lasvegas4fun.be\/fr\/wp-json\/wp\/v2\/pages\/322\/revisions\/471"}],"wp:attachment":[{"href":"https:\/\/lasvegas4fun.be\/fr\/wp-json\/wp\/v2\/media?parent=322"}],"curies":[{"name":"wp","href":"https:\/\/api.w.org\/{rel}","templated":true}]}}